{"id":2803,"date":"2022-12-01T20:48:46","date_gmt":"2022-12-01T20:48:46","guid":{"rendered":"https:\/\/skipepewatersports-ibiza.es\/?page_id=2803"},"modified":"2024-03-25T22:29:28","modified_gmt":"2024-03-25T22:29:28","slug":"informacion-legal","status":"publish","type":"page","link":"https:\/\/skipepewatersports-ibiza.es\/en\/informacion-legal","title":{"rendered":"Informacion legal"},"content":{"rendered":"\r\n<h5 class=\"wp-block-heading\">AVISO LEGAL de <a href=\"http:\/\/www.skipepewatersports-ibiza.com\/\" target=\"_blank\" rel=\"noopener\">www.skipepewatersports-ibiza.com<\/a><\/h5>\r\n<p><strong>Introducci\u00f3n<\/strong><\/p>\r\n<p>En cumplimiento de la Ley 34\/2002, de 11 de julio, de Servicios de la Sociedad de la Informaci\u00f3n y de Comercio Electr\u00f3nico (LSSI-CE), SKI PEPE WATERSPORTS SL informa que es titular del sitio web. De acuerdo con la exigencia del art\u00edculo 10 de la citada Ley, SKI PEPE WATERSPORTS SL informa de los siguientes datos:<\/p>\r\n<table style=\"height: 568px;\" width=\"983\">\r\n<tbody>\r\n<tr>\r\n<td width=\"174\">\r\n<p><strong>REPRESENTANTE<\/strong> <strong>LEGAL<\/strong><\/p>\r\n<\/td>\r\n<td width=\"407\">\r\n<p>SKI PEPE WATERSPORTS SL<\/p>\r\n<\/td>\r\n<\/tr>\r\n<tr>\r\n<td width=\"174\">\r\n<p><strong>NIF<\/strong><\/p>\r\n<\/td>\r\n<td width=\"407\">\r\n<p>B57743270<\/p>\r\n<\/td>\r\n<\/tr>\r\n<tr>\r\n<td width=\"174\">\r\n<p><strong>DOMINIO<\/strong><\/p>\r\n<\/td>\r\n<td width=\"407\">\r\n<p><a href=\"http:\/\/www.skipepewatersports-ibiza.com\/\" target=\"_blank\" rel=\"noopener\">www.skipepewatersports-ibiza.com<\/a><\/p>\r\n<\/td>\r\n<\/tr>\r\n<tr>\r\n<td width=\"174\">\r\n<p><strong>DIRECCI\u00d3N POSTAL<\/strong><\/p>\r\n<\/td>\r\n<td width=\"407\">\r\n<p>RAMON MUNTANER, 20,07849 ES CANA(ILLES BALEARS)<\/p>\r\n<\/td>\r\n<\/tr>\r\n<tr>\r\n<td width=\"174\">\r\n<p><strong>DIRECCI\u00d3N ELECTR\u00d3NICA<\/strong><\/p>\r\n<\/td>\r\n<td width=\"407\">\r\n<p><a href=\"mailto:STEPHAN@SKYPEPEWATERSPORTS.ES\">STEPHAN@SKYPEPEWATERSPORTS.ES<\/a><\/p>\r\n<\/td>\r\n<\/tr>\r\n<tr>\r\n<td width=\"174\">\r\n<p><strong>TEL\u00c9FONOS<\/strong><\/p>\r\n<\/td>\r\n<td width=\"407\">\r\n<p>659221889<\/p>\r\n<\/td>\r\n<\/tr>\r\n<tr>\r\n<td width=\"174\">\r\n<p><strong>N.\u00ba REGISTRO\/DATOS ADICIONALES<\/strong><\/p>\r\n<\/td>\r\n<td width=\"407\">\r\n<p>&nbsp;<\/p>\r\n<\/td>\r\n<\/tr>\r\n<\/tbody>\r\n<\/table>\r\n<h5>Usuario y r\u00e9gimen de responsabilidades<\/h5>\r\n<p>La navegaci\u00f3n, acceso y uso por el sitio web de SKI PEPE WATERSPORTS SL confiere la condici\u00f3n de usuario.<\/p>\r\n<p>El sitio web de SKI PEPE WATERSPORTS SL proporciona gran diversidad de informaci\u00f3n, servicios y datos. El usuario asume su responsabilidad en el uso correcto del sitio web. Esta responsabilidad se extender\u00e1 a:<\/p>\r\n<p>\u00a0La veracidad y licitud de las informaciones aportadas por el usuario en los formularios extendidos por SKI PEPE WATERSPORTS SL para el acceso a ciertos contenidos o servicios ofrecidos por el web.<\/p>\r\n<p>\u00a0El uso de la informaci\u00f3n, servicios y datos ofrecidos por SKI PEPE WATERSPORTS SL contrariamente a lo dispuesto por las presentes condiciones, la Ley, la moral, las buenas costumbres o el orden p\u00fablico, o que de cualquier otro modo puedan suponer lesi\u00f3n de los derechos de terceros o del mismo funcionamiento del sitio web.<\/p>\r\n<h5>Pol\u00edtica de enlaces y exenciones de responsabilidad<\/h5>\r\n<p>SKI PEPE WATERSPORTS SL no se hace responsable del contenido de los sitios web a los que el usuario pueda acceder a trav\u00e9s de los enlaces establecidos en su sitio web, siempre que no tenga conocimiento efectivo de que la actividad o la informaci\u00f3n a la que remite o recomienda es il\u00edcita o de que lesiona bienes o derechos de un tercero susceptibles de indemnizaci\u00f3n, o, en caso de tenerlo, act\u00fae con diligencia para suprimir o inutilizar el enlace correspondiente.<\/p>\r\n<p>Se entender\u00e1 que SKI PEPE WATERSPORTS SL tiene el conocimiento efectivo a que se refiere el p\u00e1rrafo anterior cuando un \u00f3rgano competente haya declarado la ilicitud de los datos, ordenado su retirada o que se imposibilite el acceso a los mismos, o se hubiera declarado la existencia de la lesi\u00f3n, y SKI PEPE WATERSPORTS SL conociera la correspondiente resoluci\u00f3n, sin perjuicio de los procedimientos de detecci\u00f3n y retirada de contenidos que SKI PEPE WATERSPORTS SL aplique en virtud de acuerdos voluntarios y de otros medios de conocimiento efectivo que pudieran establecerse.<\/p>\r\n<p>SKI PEPE WATERSPORTS SL declara haber adoptado todas las medidas necesarias para evitar cualquier da\u00f1o a los usuarios de su sitio web, que pudieran derivarse de la navegaci\u00f3n por su sitio web. En consecuencia, SKI PEPE WATERSPORTS SL no se hace responsable, en ning\u00fan caso, de los eventuales da\u00f1os que por la navegaci\u00f3n por Internet pudiera sufrir el usuario. Asimismo, tampoco garantizar\u00e1 la disponibilidad t\u00e9cnica, exactitud, veracidad, validez o legalidad de sitios ajenos a su propiedad a los que se pueda acceder por medio de los enlaces.<\/p>\r\n<h5>Modificaciones<\/h5>\r\n<p>SKI PEPE WATERSPORTS SL se reserva el derecho a realizar las modificaciones que considere oportunas, sin aviso previo, en el contenido de su sitio web. Tanto en lo referente a los contenidos del sitio web, como en las condiciones de uso del mismo, o en las condiciones generales de contrataci\u00f3n. Los cambios a los que hace referencia este apartado, no afectar\u00e1n a las contrataciones realizadas con fecha anterior a la fecha de publicaci\u00f3n de los mismos.<\/p>\r\n<p>Dichas modificaciones podr\u00e1n realizarse a trav\u00e9s de su sitio web por cualquier forma admisible en derecho y ser\u00e1n de obligado cumplimiento durante el tiempo en que se encuentren publicadas en el web y hasta que no sean modificadas v\u00e1lidamente por otras posteriores.<\/p>\r\n<h5>Indicaci\u00f3n de precios<\/h5>\r\n<p>En caso de que se muestren precios de productos y\/o servicios, los indicados en pantalla ser\u00e1n los vigentes en cada momento. Los precios ser\u00e1n indicados en euros y tendr\u00e1n incorporado el Impuesto sobre el Valor A\u00f1adido (IVA). En caso de que no se incorpore el IVA en el precio, se indicar\u00e1 de manera expresa y se permitir\u00e1 al usuario visualizar el precio final completo.<\/p>\r\n<p>Asimismo, si fuera aplicable cualquier otro impuesto, as\u00ed se indicar\u00eda, incluyendo, en su caso, el importe de los incrementos o descuentos que sean de aplicaci\u00f3n a la oferta y los gastos adicionales que puedan repercutir al consumidor o usuario.<\/p>\r\n<h5>Propiedad intelectual e industrial<\/h5>\r\n<p>SKI PEPE WATERSPORTS SL por s\u00ed misma o como cesionaria, es titular de todos los derechos de propiedad intelectual e industrial de su p\u00e1gina web, as\u00ed como de los elementos contenidos en la misma (a t\u00edtulo enunciativo, im\u00e1genes, sonido, audio, v\u00eddeo, software o textos; marcas o logotipos, combinaciones de colores, estructura y dise\u00f1o, selecci\u00f3n de materiales usados, programas de ordenador necesarios para su funcionamiento, acceso y uso, etc.), titularidad de SKI PEPE WATERSPORTS SL. Ser\u00e1n, por consiguiente, obras protegidas como propiedad intelectual por el ordenamiento jur\u00eddico espa\u00f1ol, si\u00e9ndoles aplicables tanto la normativa espa\u00f1ola y comunitaria en este campo, como los tratados internacionales relativos a la materia y suscritos por Espa\u00f1a.<\/p>\r\n<p>Todos los derechos reservados. En virtud de lo dispuesto en la Ley de Propiedad Intelectual, quedan expresamente prohibidas la reproducci\u00f3n, la distribuci\u00f3n y la comunicaci\u00f3n p\u00fablica, incluida su modalidad de puesta a disposici\u00f3n, de la totalidad o parte de los contenidos de esta p\u00e1gina web, con fines comerciales, en cualquier soporte y por cualquier medio t\u00e9cnico, sin la autorizaci\u00f3n de SKI PEPE WATERSPORTS SL.<\/p>\r\n<p>El usuario se compromete a respetar los derechos de Propiedad Intelectual e Industrial titularidad de SKI PEPE WATERSPORTS SL. Podr\u00e1 visualizar los elementos del portal e incluso imprimirlos, copiarlos y almacenarlos en el disco duro de su ordenador o en cualquier otro soporte f\u00edsico siempre y cuando sea, \u00fanica y exclusivamente, para su uso personal y privado. El usuario deber\u00e1 abstenerse de suprimir, alterar, eludir o manipular cualquier dispositivo de protecci\u00f3n o sistema de seguridad que estuviera instalado en las p\u00e1ginas de SKI PEPE WATERSPORTS SL.<\/p>\r\n<h5>Acciones legales, legislaci\u00f3n aplicable y jurisdicci\u00f3n<\/h5>\r\n<p>Si el usuario desea presentar una reclamaci\u00f3n, deber\u00e1 contactar mediante el correo electr\u00f3nico <a href=\"mailto:STEPHAN@SKYPEPEWATERSPORTS.ES\">STEPHAN@SKYPEPEWATERSPORTS.ES.<\/a> Asimismo, SKI PEPE WATERSPORTS SL dispone de hojas oficiales de reclamaci\u00f3n a disposici\u00f3n de los consumidores y usuarios.<\/p>\r\n<p>SKI PEPE WATERSPORTS SL se reserva la facultad de presentar las acciones civiles o penales que considere oportunas por la utilizaci\u00f3n indebida de su sitio web y contenidos, o por el incumplimiento de las presentes condiciones.<\/p>\r\n<p>La relaci\u00f3n entre el usuario y el prestador se regir\u00e1 por la normativa vigente y de aplicaci\u00f3n en el territorio espa\u00f1ol. De surgir cualquier controversia las partes podr\u00e1n someter sus conflictos a arbitraje o acudir a la jurisdicci\u00f3n ordinaria cumpliendo con las normas sobre jurisdicci\u00f3n y competencia al respecto. SKI PEPE WATERSPORTS SL tiene su domicilio en ILLES BALEARS, Espa\u00f1a.<\/p>\r\n","protected":false},"excerpt":{"rendered":"<p>AVISO LEGAL de www.skipepewatersports-ibiza.com Introducci\u00f3n En cumplimiento de la Ley  [&#8230;]<\/p>\n","protected":false},"author":1,"featured_media":0,"parent":0,"menu_order":0,"comment_status":"closed","ping_status":"closed","template":"","meta":{"footnotes":""},"class_list":["post-2803","page","type-page","status-publish","hentry"],"_links":{"self":[{"href":"https:\/\/skipepewatersports-ibiza.es\/en\/wp-json\/wp\/v2\/pages\/2803","targetHints":{"allow":["GET"]}}],"collection":[{"href":"https:\/\/skipepewatersports-ibiza.es\/en\/wp-json\/wp\/v2\/pages"}],"about":[{"href":"https:\/\/skipepewatersports-ibiza.es\/en\/wp-json\/wp\/v2\/types\/page"}],"author":[{"embeddable":true,"href":"https:\/\/skipepewatersports-ibiza.es\/en\/wp-json\/wp\/v2\/users\/1"}],"replies":[{"embeddable":true,"href":"https:\/\/skipepewatersports-ibiza.es\/en\/wp-json\/wp\/v2\/comments?post=2803"}],"version-history":[{"count":1,"href":"https:\/\/skipepewatersports-ibiza.es\/en\/wp-json\/wp\/v2\/pages\/2803\/revisions"}],"predecessor-version":[{"id":4408,"href":"https:\/\/skipepewatersports-ibiza.es\/en\/wp-json\/wp\/v2\/pages\/2803\/revisions\/4408"}],"wp:attachment":[{"href":"https:\/\/skipepewatersports-ibiza.es\/en\/wp-json\/wp\/v2\/media?parent=2803"}],"curies":[{"name":"wp","href":"https:\/\/api.w.org\/{rel}","templated":true}]}}